{"id":2,"date":"2020-01-21T20:20:26","date_gmt":"2020-01-21T23:20:26","guid":{"rendered":"http:\/\/www.ibramaq.com.br\/?page_id=2"},"modified":"2020-01-30T10:27:48","modified_gmt":"2020-01-30T13:27:48","slug":"pagina-exemplo","status":"publish","type":"page","link":"https:\/\/www.ibramaq.com.br\/","title":{"rendered":"Home"},"content":{"rendered":"\n\t<p>Ibramaq Cofres<\/p>\n\t<h2>PRINCIPAIS SERVI\u00c7OS<\/h1>\n<h4>Compra, Venda e Troca<\/h4>\t\t\n<h4>Cofres Residenciais<\/h4>\t\t\n<h4>Cofres Comerciais<\/h4>\t\t\n<h4>Cofres para Caminh\u00f5es<\/h4>\t\t\n<h4>Abertura e Troca de Segredo<\/h4>\t\t\n<h4>Insta\u00e7\u00e3o de Retardo e Boca de Lobo<\/h4>\t\t\n\t<p><strong>Ibramaq Cofres\u00a0 &#8211; <\/strong><strong>Menezes &amp; Salom\u00e3o Ltda. Me<\/strong><\/p>\n<strong>Telefones:<\/strong><br \/>\n<a href=\"tel:01636253697\">(16) 3625-3697<\/a>\u00a0\/\u00a0 <a href=\"tel:01636357144\">(16) 3635-7144<\/a>\n<strong>E-mail:<\/strong><br \/>\ncofres@ibramaq.com.br\n<strong>Skype:<\/strong><br \/>\nIbramaqcofres\n\t<iframe loading=\"lazy\" src=\"https:\/\/www.google.com\/maps\/embed?pb=!1m18!1m12!1m3!1d3720.663943108253!2d-47.81433688518044!3d-21.165768085924224!2m3!1f0!2f0!3f0!3m2!1i1024!2i768!4f13.1!3m3!1m2!1s0x94b9be50bb93c1e1%3A0x54480c78d2047a8!2sIbramaq%20Cofres%20-%20Menezes%20%26%20Salom%C3%A3o%20Ltda.%20ME!5e0!3m2!1spt-BR!2sbr!4v1580390816980!5m2!1spt-BR!2sbr\" width=\"600\" height=\"300\" frameborder=\"0\" allowfullscreen=\"\"><\/iframe>\n","protected":false},"excerpt":{"rendered":"<p>Ibramaq Cofres PRINCIPAIS SERVI\u00c7OS Compra, Venda e Troca Cofres Residenciais Cofres Comerciais Cofres para Caminh\u00f5es Abertura e Troca de Segredo Insta\u00e7\u00e3o de Retardo e Boca de Lobo Ibramaq Cofres\u00a0 &#8211; Menezes &amp; Salom\u00e3o Ltda. Me Telefones: (16) 3625-3697\u00a0\/\u00a0 (16) 3635-7144 E-mail: cofres@ibramaq.com.br Skype: Ibramaqcofres<\/p>\n","protected":false},"author":1,"featured_media":0,"parent":0,"menu_order":0,"comment_status":"closed","ping_status":"open","template":"","meta":[],"_links":{"self":[{"href":"https:\/\/www.ibramaq.com.br\/index.php?rest_route=\/wp\/v2\/pages\/2"}],"collection":[{"href":"https:\/\/www.ibramaq.com.br\/index.php?rest_route=\/wp\/v2\/pages"}],"about":[{"href":"https:\/\/www.ibramaq.com.br\/index.php?rest_route=\/wp\/v2\/types\/page"}],"author":[{"embeddable":true,"href":"https:\/\/www.ibramaq.com.br\/index.php?rest_route=\/wp\/v2\/users\/1"}],"replies":[{"embeddable":true,"href":"https:\/\/www.ibramaq.com.br\/index.php?rest_route=%2Fwp%2Fv2%2Fcomments&post=2"}],"version-history":[{"count":3,"href":"https:\/\/www.ibramaq.com.br\/index.php?rest_route=\/wp\/v2\/pages\/2\/revisions"}],"predecessor-version":[{"id":17,"href":"https:\/\/www.ibramaq.com.br\/index.php?rest_route=\/wp\/v2\/pages\/2\/revisions\/17"}],"wp:attachment":[{"href":"https:\/\/www.ibramaq.com.br\/index.php?rest_route=%2Fwp%2Fv2%2Fmedia&parent=2"}],"curies":[{"name":"wp","href":"https:\/\/api.w.org\/{rel}","templated":true}]}}